{"id":26879,"date":"2025-08-07T16:03:42","date_gmt":"2025-08-07T08:03:42","guid":{"rendered":"https:\/\/www.magipea.com.my\/?post_type=product&#038;p=26879"},"modified":"2025-08-21T14:30:42","modified_gmt":"2025-08-21T06:30:42","slug":"skin-care-travel-kit","status":"publish","type":"product","link":"https:\/\/www.magipea.com.my\/en\/product\/skin-care-travel-kit\/","title":{"rendered":"Skin Care Travel Kit (Includes: Body Wash 60ml \u00d71, Moisturizing Emulsion 60ml \u00d71, Shampoo 60ml \u00d71, Conditioner 60ml \u00d71, Brighten Renewing Mask \u00d71)"},"content":{"rendered":"<p><img decoding=\"async\" class=\"aligncenter\" src=\"https:\/\/www.magipea.com.my\/wp-content\/uploads\/2025\/08\/travel2.jpg\" alt=\"\u65c5\u884c\u7ec4\" width=\"1000\" \/><img decoding=\"async\" class=\"aligncenter\" src=\"https:\/\/www.magipea.com.my\/wp-content\/uploads\/2025\/08\/travel3.jpg\" alt=\"\u751c\u7f8e\u53cc\u8272\" width=\"1000\" \/><img decoding=\"async\" class=\"aligncenter\" src=\"https:\/\/www.magipea.com.my\/wp-content\/uploads\/2025\/08\/travel4.jpg\" alt=\"\u6c90\u6d74\u9732\" width=\"1000\" \/><img decoding=\"async\" class=\"aligncenter\" src=\"https:\/\/www.magipea.com.my\/wp-content\/uploads\/2025\/08\/travel5.jpg\" alt=\"\u8d39\u6d1b\u8499\u56e0\u5b50\" width=\"1000\" \/><img decoding=\"async\" class=\"aligncenter\" src=\"https:\/\/www.magipea.com.my\/wp-content\/uploads\/2025\/08\/travel6.jpg\" alt=\"\u9e9d\u9999\u73ab\u7470\" width=\"1000\" \/><img decoding=\"async\" class=\"aligncenter\" src=\"https:\/\/www.magipea.com.my\/wp-content\/uploads\/2025\/08\/travel7.jpg\" alt=\"\u79cb\u8475\" width=\"1000\" \/><img decoding=\"async\" class=\"aligncenter\" src=\"https:\/\/www.magipea.com.my\/wp-content\/uploads\/2025\/08\/travel8.jpg\" alt=\"\u63d0\u53d6\u7269\" width=\"1000\" \/><img decoding=\"async\" class=\"aligncenter\" src=\"https:\/\/www.magipea.com.my\/wp-content\/uploads\/2025\/08\/travel9.jpg\" alt=\"\u5475\u62a4\" width=\"1000\" \/><img decoding=\"async\" class=\"aligncenter\" src=\"https:\/\/www.magipea.com.my\/wp-content\/uploads\/2025\/08\/travel10.jpg\" alt=\"\u6ecb\u6da6\u517b\u80a4\u56e0\u5b50\" width=\"1000\" \/><img decoding=\"async\" class=\"aligncenter\" src=\"https:\/\/www.magipea.com.my\/wp-content\/uploads\/2025\/08\/travel11.jpg\" alt=\"\u6216\u8bb8\u5242\" width=\"1000\" \/><img decoding=\"async\" class=\"aligncenter\" src=\"https:\/\/www.magipea.com.my\/wp-content\/uploads\/2025\/08\/travel12-scaled.jpg\" alt=\"enjoy\" width=\"1000\" \/><img decoding=\"async\" class=\"aligncenter\" src=\"https:\/\/www.magipea.com.my\/wp-content\/uploads\/2025\/08\/travel13.jpg\" alt=\"\u6c90\u6d74\u9732\u6210\u5206\" width=\"1000\" \/><img decoding=\"async\" class=\"aligncenter\" src=\"https:\/\/www.magipea.com.my\/wp-content\/uploads\/2025\/08\/travel14.jpg\" alt=\"\u6c90\u6d74\u9732Q&amp;A\" width=\"1000\" \/><img decoding=\"async\" class=\"aligncenter\" src=\"https:\/\/www.magipea.com.my\/wp-content\/uploads\/2025\/08\/travel15.jpg\" alt=\"\u8eab\u4f53\u4e73\" width=\"1000\" \/><img decoding=\"async\" class=\"aligncenter\" src=\"https:\/\/www.magipea.com.my\/wp-content\/uploads\/2025\/08\/travel16.jpg\" alt=\"\u5438\u5f15\u529b\" width=\"1000\" \/><img decoding=\"async\" class=\"aligncenter\" src=\"https:\/\/www.magipea.com.my\/wp-content\/uploads\/2025\/08\/travel17.jpg\" alt=\"MUSK ROSE\" width=\"1000\" \/><img decoding=\"async\" class=\"aligncenter\" src=\"https:\/\/www.magipea.com.my\/wp-content\/uploads\/2025\/08\/travel18.jpg\" alt=\"\u6fb3\u6d32\u575a\u679c\u7c7d\u6cb9\" width=\"1000\" \/><img decoding=\"async\" class=\"aligncenter\" src=\"https:\/\/www.magipea.com.my\/wp-content\/uploads\/2025\/08\/travel19.jpg\" alt=\"\u6fb3\u6d32\u575a\u679c\u7c7d\u6cb9\u529f\u80fd\" width=\"1000\" \/><img decoding=\"async\" class=\"aligncenter\" src=\"https:\/\/www.magipea.com.my\/wp-content\/uploads\/2025\/08\/travel20.jpg\" alt=\"\u5f31\u654f\u5b89\u5fc3\u8212\u7f13\u56e0\u5b50\" width=\"1000\" \/><img decoding=\"async\" class=\"aligncenter\" src=\"https:\/\/www.magipea.com.my\/wp-content\/uploads\/2025\/08\/travel21.jpg\" alt=\"Skin Care\" width=\"1000\" \/><img decoding=\"async\" class=\"aligncenter\" src=\"https:\/\/www.magipea.com.my\/wp-content\/uploads\/2025\/08\/travel22-scaled.jpg\" alt=\"\u6d3b\u6027\u6210\u5206\" width=\"1000\" \/><img decoding=\"async\" class=\"aligncenter\" src=\"https:\/\/www.magipea.com.my\/wp-content\/uploads\/2025\/08\/travel23-scaled.jpg\" alt=\"\u6df1\u547c\u5438\" width=\"1000\" \/><img decoding=\"async\" class=\"aligncenter\" src=\"https:\/\/www.magipea.com.my\/wp-content\/uploads\/2025\/08\/travel24.jpg\" alt=\"\u6da6\u80a4\u4e73\u6210\u5206\u4ecb\u7ecd\" width=\"1000\" \/><img decoding=\"async\" class=\"aligncenter\" src=\"https:\/\/www.magipea.com.my\/wp-content\/uploads\/2025\/08\/travel25.jpg\" alt=\"\u6da6\u80a4\u4e73Q&amp;A\" width=\"1000\" \/><img decoding=\"async\" class=\"aligncenter\" src=\"https:\/\/www.magipea.com.my\/wp-content\/uploads\/2025\/08\/travel26.jpg\" alt=\"\u6d17\u53d1\u4e73\" width=\"1000\" \/><img decoding=\"async\" class=\"aligncenter\" src=\"https:\/\/www.magipea.com.my\/wp-content\/uploads\/2025\/08\/travel27.jpg\" alt=\"\u7279\u522b\u6dfb\u52a0\" width=\"1000\" \/><img decoding=\"async\" class=\"aligncenter\" src=\"https:\/\/www.magipea.com.my\/wp-content\/uploads\/2025\/08\/travel28.jpg\" alt=\"\u5929\u7afa\u8475\" width=\"1000\" \/><img decoding=\"async\" class=\"aligncenter\" src=\"https:\/\/www.magipea.com.my\/wp-content\/uploads\/2025\/08\/travel29.jpg\" alt=\"\u91d1\u7f15\u6885\" width=\"1000\" \/><img decoding=\"async\" class=\"aligncenter\" src=\"https:\/\/www.magipea.com.my\/wp-content\/uploads\/2025\/08\/travel30.jpg\" alt=\"\u91d1\u7f15\u6885\u8403\u53d6\" width=\"1000\" \/><img decoding=\"async\" class=\"aligncenter\" src=\"https:\/\/www.magipea.com.my\/wp-content\/uploads\/2025\/08\/travel31.jpg\" alt=\"\u5c0f\u679c\u5496\u5561\u7c7d\" width=\"1000\" \/><img decoding=\"async\" class=\"aligncenter\" src=\"https:\/\/www.magipea.com.my\/wp-content\/uploads\/2025\/08\/travel32.jpg\" alt=\"\u5564\u9152\u9175\u6bcd\u83cc\" width=\"1000\" \/><img decoding=\"async\" class=\"aligncenter\" src=\"https:\/\/www.magipea.com.my\/wp-content\/uploads\/2025\/08\/travel33.jpg\" alt=\"\u751c\u83dc\u78b1\" width=\"1000\" \/><img decoding=\"async\" class=\"aligncenter\" src=\"https:\/\/www.magipea.com.my\/wp-content\/uploads\/2025\/08\/travel34.jpg\" alt=\"\u6d77\u85fb\u7cd6\" width=\"1000\" \/><img decoding=\"async\" class=\"aligncenter\" src=\"https:\/\/www.magipea.com.my\/wp-content\/uploads\/2025\/08\/travel35.jpg\" alt=\"\u7ef4\u751f\u7d20B5\" width=\"1000\" \/><img decoding=\"async\" class=\"aligncenter\" src=\"https:\/\/www.magipea.com.my\/wp-content\/uploads\/2025\/08\/travel36.jpg\" alt=\"\u67d4\u8f6f\u548c\u5f39\u6027\" width=\"1000\" \/><img decoding=\"async\" class=\"aligncenter\" src=\"https:\/\/www.magipea.com.my\/wp-content\/uploads\/2025\/08\/travel37-scaled.jpg\" alt=\"\u6297\u9759\u7535\u6210\u5206\" width=\"1000\" \/><img decoding=\"async\" class=\"aligncenter\" src=\"https:\/\/www.magipea.com.my\/wp-content\/uploads\/2025\/08\/travel38-scaled.jpg\" alt=\"\u6d17\u53d1\u4e73Q&amp;A\" width=\"1000\" \/><img decoding=\"async\" class=\"aligncenter\" src=\"https:\/\/www.magipea.com.my\/wp-content\/uploads\/2025\/08\/travel39.jpg\" alt=\"\u6da6\u53d1\u4e73\" width=\"1000\" \/><img decoding=\"async\" class=\"aligncenter\" src=\"https:\/\/www.magipea.com.my\/wp-content\/uploads\/2025\/08\/travel40.jpg\" alt=\"\u55c5\u89c9\" width=\"1000\" \/><img decoding=\"async\" class=\"aligncenter\" src=\"https:\/\/www.magipea.com.my\/wp-content\/uploads\/2025\/08\/travel41.jpg\" alt=\"Graveolens\" width=\"1000\" \/><img decoding=\"async\" class=\"aligncenter\" src=\"https:\/\/www.magipea.com.my\/wp-content\/uploads\/2025\/08\/travel42-scaled.jpg\" alt=\"\u8377\u8377\u82ad\u6cb9\" width=\"1000\" \/><img decoding=\"async\" class=\"aligncenter\" src=\"https:\/\/www.magipea.com.my\/wp-content\/uploads\/2025\/08\/travel43.jpg\" alt=\"\u8377\u8377\u82ad\u6cb9\u8403\u53d6\" width=\"1000\" \/><img decoding=\"async\" class=\"aligncenter\" src=\"https:\/\/www.magipea.com.my\/wp-content\/uploads\/2025\/08\/travel44.jpg\" alt=\"\u6cdb\u9187\" width=\"1000\" \/><img decoding=\"async\" class=\"aligncenter\" src=\"https:\/\/www.magipea.com.my\/wp-content\/uploads\/2025\/08\/travel45.jpg\" alt=\"Niacinamide\" width=\"1000\" \/><img decoding=\"async\" class=\"aligncenter\" src=\"https:\/\/www.magipea.com.my\/wp-content\/uploads\/2025\/08\/travel46.jpg\" alt=\"\u5927\u8c46\u78f7\u8102\u590d\u5408\u7269\" width=\"1000\" \/><img decoding=\"async\" class=\"aligncenter\" src=\"https:\/\/www.magipea.com.my\/wp-content\/uploads\/2025\/08\/travel47-scaled.jpg\" alt=\"\u71d5\u9ea6\u63d0\u53d6\" width=\"1000\" \/><img decoding=\"async\" class=\"aligncenter\" src=\"https:\/\/www.magipea.com.my\/wp-content\/uploads\/2025\/08\/travel48.jpg\" alt=\"\u751f\u547d\u4e4b\u7cd6\" width=\"1000\" \/><img decoding=\"async\" class=\"aligncenter\" src=\"https:\/\/www.magipea.com.my\/wp-content\/uploads\/2025\/08\/travel49-scaled.jpg\" alt=\"\u5496\u5561\u56e0\" width=\"1000\" \/><img decoding=\"async\" class=\"aligncenter\" src=\"https:\/\/www.magipea.com.my\/wp-content\/uploads\/2025\/08\/travel50-scaled.jpg\" alt=\"\u6da6\u53d1\u4e73Q&amp;A\" width=\"1000\" \/><img decoding=\"async\" class=\"aligncenter\" src=\"https:\/\/www.magipea.com.my\/wp-content\/uploads\/2025\/08\/travel51.jpg\" alt=\"\u6da6\u53d1\u4e73\u6210\u5206\" width=\"1000\" \/><img decoding=\"async\" class=\"aligncenter\" src=\"https:\/\/www.magipea.com.my\/wp-content\/uploads\/2025\/08\/travel52-scaled.jpg\" alt=\"\u516b\u5927\u4e0d\u6dfb\u52a0\" width=\"1000\" \/><img decoding=\"async\" class=\"aligncenter\" src=\"https:\/\/www.magipea.com.my\/wp-content\/uploads\/2025\/08\/travel53.jpg\" alt=\"\u6d3b\u6c34\u7cfb\u7edf\" width=\"1000\" \/><img decoding=\"async\" class=\"aligncenter\" src=\"https:\/\/www.magipea.com.my\/wp-content\/uploads\/2025\/08\/travel54-scaled.png\" alt=\"\u4f53\u9a8c\u5fc3\u5f97\" width=\"1000\" \/><img decoding=\"async\" class=\"aligncenter\" src=\"https:\/\/www.magipea.com.my\/wp-content\/uploads\/2025\/08\/travel55.jpg\" alt=\"\u888b\u9f20\u82b1\u9762\u819c\" width=\"1000\" \/><img decoding=\"async\" class=\"aligncenter\" src=\"https:\/\/www.magipea.com.my\/wp-content\/uploads\/2025\/08\/travel56-scaled.jpg\" alt=\"Mask\" width=\"1000\" \/><img decoding=\"async\" class=\"aligncenter\" src=\"https:\/\/www.magipea.com.my\/wp-content\/uploads\/2025\/08\/travel57.jpg\" alt=\"\u5929\u7136\u7ea4\u7ef4\" width=\"1000\" \/><img decoding=\"async\" class=\"aligncenter\" src=\"https:\/\/www.magipea.com.my\/wp-content\/uploads\/2025\/08\/travel58.jpg\" alt=\"\u9762\u819c\u7279\u70b9\" width=\"1000\" \/><img decoding=\"async\" class=\"aligncenter\" src=\"https:\/\/www.magipea.com.my\/wp-content\/uploads\/2025\/08\/travel59.jpg\" alt=\"anti-aging mask\" width=\"1000\" \/><img decoding=\"async\" class=\"aligncenter\" src=\"https:\/\/www.magipea.com.my\/wp-content\/uploads\/2025\/08\/travel60-scaled.jpg\" alt=\"\u9ad8\u6e17\u900f\u9762\u819c\u7eb8\" width=\"1000\" \/><img decoding=\"async\" class=\"aligncenter\" src=\"https:\/\/www.magipea.com.my\/wp-content\/uploads\/2025\/08\/travel61.jpg\" alt=\"\u8bd5\u7528\u671f\u888b\u9f20\u82b1\u8403\u53d6\" width=\"1000\" \/><img decoding=\"async\" class=\"aligncenter\" src=\"https:\/\/www.magipea.com.my\/wp-content\/uploads\/2025\/08\/travel62.jpg\" alt=\"\u6fb3\u6d32\u6307\u6a58\u679c\" width=\"1000\" \/><img decoding=\"async\" class=\"aligncenter\" src=\"https:\/\/www.magipea.com.my\/wp-content\/uploads\/2025\/08\/travel63.jpg\" alt=\"\u7115\u80a4\u590d\u5408\u9178\" width=\"1000\" \/><img decoding=\"async\" class=\"aligncenter\" src=\"https:\/\/www.magipea.com.my\/wp-content\/uploads\/2025\/08\/travel64.jpg\" alt=\"\u590d\u5408\u4fdd\u6e7f\u56e0\u5b50\" width=\"1000\" \/><img decoding=\"async\" class=\"aligncenter\" src=\"https:\/\/www.magipea.com.my\/wp-content\/uploads\/2025\/08\/travel65.jpg\" alt=\"\u963f\u5c14\u5351\u65af\u690d\u7269\u8403\u53d6\" width=\"1000\" \/><img decoding=\"async\" class=\"aligncenter\" src=\"https:\/\/www.magipea.com.my\/wp-content\/uploads\/2025\/08\/travel68.jpg\" alt=\"\u888b\u9f20\u82b1\u9762\u819c\u6210\u5206\" width=\"1000\" \/><img decoding=\"async\" class=\"aligncenter\" src=\"https:\/\/www.magipea.com.my\/wp-content\/uploads\/2025\/08\/travel69.jpg\" alt=\"\u888b\u9f20\u82b1\u9762\u819c\u7279\u70b9\" width=\"1000\" \/><img decoding=\"async\" class=\"aligncenter\" src=\"https:\/\/www.magipea.com.my\/wp-content\/uploads\/2025\/08\/travel70.jpg\" alt=\"\u4e3a\u4ec0\u4e48\u9009\u62e9\u888b\u9f20\u82b1\u9762\u819c\" width=\"1000\" \/><img decoding=\"async\" class=\"aligncenter\" src=\"https:\/\/www.magipea.com.my\/wp-content\/uploads\/2025\/08\/travel71.jpg\" alt=\"\u4f7f\u7528\u6b65\u9aa4\" width=\"1000\" \/><img decoding=\"async\" class=\"aligncenter\" src=\"https:\/\/www.magipea.com.my\/wp-content\/uploads\/2025\/08\/travel72.jpg\" alt=\"\u4f7f\u7528\u5fc3\u5f97\" width=\"1000\" \/><img decoding=\"async\" class=\"aligncenter\" src=\"https:\/\/www.magipea.com.my\/wp-content\/uploads\/2025\/08\/travel73-scaled.jpg\" alt=\"\u68c0\u9a8c\u5408\u683c\" width=\"1000\" \/><img decoding=\"async\" class=\"aligncenter\" src=\"https:\/\/www.magipea.com.my\/wp-content\/uploads\/2025\/08\/travel74.jpg\" alt=\"\u6d3b\u6c34\u7cfb\u7edf\" width=\"1000\" \/><img decoding=\"async\" class=\"aligncenter\" src=\"https:\/\/www.magipea.com.my\/wp-content\/uploads\/2025\/08\/travel75.jpg\" alt=\"\u79d8\u5883\u4e13\u5c5e\" width=\"1000\" \/><img decoding=\"async\" class=\"aligncenter\" src=\"https:\/\/www.magipea.com.my\/wp-content\/uploads\/2025\/08\/travel76-scaled.jpg\" alt=\"\u7cbe\u6cb9\u4e4b\u540e\" width=\"1000\" \/><img decoding=\"async\" class=\"aligncenter\" src=\"https:\/\/www.magipea.com.my\/wp-content\/uploads\/2025\/08\/travel77.jpg\" alt=\"\u888b\u9f20\u82b1\u9762\u819cQ&amp;A\" width=\"1000\" \/><img decoding=\"async\" class=\"aligncenter\" src=\"https:\/\/www.magipea.com.my\/wp-content\/uploads\/2025\/08\/travel78.jpg\" alt=\"\u79d8\u5883\" width=\"1000\" \/><img decoding=\"async\" class=\"aligncenter\" src=\"https:\/\/www.magipea.com.my\/wp-content\/uploads\/2025\/08\/travel79.jpg\" alt=\"\u5e73\u53f0\" width=\"1000\" \/><img decoding=\"async\" class=\"aligncenter\" src=\"https:\/\/www.magipea.com.my\/wp-content\/uploads\/2025\/08\/travel80.jpg\" alt=\"\u5236\u9020\u89c4\u8303\" width=\"1000\" \/><img decoding=\"async\" class=\"aligncenter\" src=\"https:\/\/www.magipea.com.my\/wp-content\/uploads\/2025\/08\/travel81.jpg\" alt=\"\u79c1\u5bc6\u7f8e\u4f53\" width=\"1000\" \/><img decoding=\"async\" class=\"aligncenter\" src=\"https:\/\/www.magipea.com.my\/wp-content\/uploads\/2025\/08\/travel82-scaled.jpg\" alt=\"\u6d4b\u8bd5\u62a5\u544a\" width=\"1000\" \/><img decoding=\"async\" class=\"aligncenter\" src=\"https:\/\/www.magipea.com.my\/wp-content\/uploads\/2025\/08\/travel83.jpg\" alt=\"\u8d29\u552e\u901a\u8def\" width=\"1000\" \/><img decoding=\"async\" class=\"aligncenter\" src=\"https:\/\/www.magipea.com.my\/wp-content\/uploads\/2025\/08\/travel84.jpg\" alt=\"\u751f\u6280\u5927\u5382\" width=\"1000\" \/><img decoding=\"async\" class=\"aligncenter\" src=\"https:\/\/www.magipea.com.my\/wp-content\/uploads\/2025\/08\/travel85.jpg\" alt=\"\u8fd0\u8f93\u548c\u4ed8\u6b3e\" width=\"1000\" \/><img decoding=\"async\" class=\"aligncenter\" src=\"https:\/\/www.magipea.com.my\/wp-content\/uploads\/2025\/08\/travel86.jpg\" alt=\"\u9000\u6362\u8d27\u653f\u7b56\" width=\"1000\" \/><\/p>\n","protected":false},"excerpt":{"rendered":"<p><strong>Musk Rose Body Wash<\/strong><\/p>\n<ul>\n<li>Gentle foam deeply cleanses to remove dirt and impurities from the day.<\/li>\n<li>Infused with medical-grade ingredients to nourish your skin from within.<\/li>\n<li>Soothes dryness and restores baby-soft smoothness.<\/li>\n<li>Exclusive hydrating agents lock in moisture<\/li>\n<li>bringing your skin back to its soft, supple, and radiant state.<\/li>\n<li>A healing fragrance that relaxes the body and mind\u2014like a soothing spa.<\/li>\n<li><strong data-start=\"506\" data-end=\"514\">60ml<\/strong><\/li>\n<\/ul>\n<p><strong>Musk Rose Moisturizing Emulsion<\/strong><\/p>\n<ul>\n<li>Gently nourishes and hydrates the skin.<\/li>\n<li>Infused with carefully selected botanical extracts.<\/li>\n<li>Velvety, creamy texture that melts into the skin.<\/li>\n<li>Restores youthful softness and soothes dryness.<\/li>\n<li>Leaves skin supple and deeply moisturized.<\/li>\n<li><strong>60ml<\/strong><\/li>\n<\/ul>\n<p><strong>Mystery Musk Rose Moisture Repair Shampoo<\/strong><\/p>\n<ul>\n<li>Revives and restores hair to a healthy, vibrant state.<\/li>\n<li>Formulated with amino acid-based surfactants for a gentle, non-stripping cleanse.<\/li>\n<li>Rich in moisturizing ingredients to leave hair hydrated and shiny.<\/li>\n<li>Superior detangling and anti-static effects for smooth, manageable hair.<\/li>\n<li>Enhanced with patented, <strong>Cosmos-certified<\/strong> natural sugar-based moisturizers<\/li>\n<li>to deliver immediate and long-lasting hydration.<\/li>\n<li>The more you wash, the softer your hair becomes.<\/li>\n<li><strong>60ml<\/strong><\/li>\n<\/ul>\n<p><strong>Mystery Musk Eose Deep Nourshing Conditioner<\/strong><\/p>\n<ul>\n<li>Reawakens healthy hair from root to tip.<\/li>\n<li>Smooths cuticles and strengthens roots.<\/li>\n<li>Repairs damage and fills in split ends.<\/li>\n<li>Forms a protective barrier against daily environmental stressors.<\/li>\n<li>Deeply nourishes for silky, elastic, and radiant hair.<\/li>\n<li><strong>60ml<\/strong><\/li>\n<\/ul>\n<p><strong>Brighten Renewing 25ml<\/strong><\/p>\n<ul>\n<li>Powered by patented Kangaroo Flower extract from Australia.<\/li>\n<li>Smooths fine lines by penetrating deep into the skin.<\/li>\n<li>Revitalizes tired skin with energy from finger lime extract.<\/li>\n<li>AHA complex gently exfoliates while hydrating.<\/li>\n<li>Unleashes your skin\u2019s natural glow from within.<\/li>\n<li><strong data-start=\"2057\" data-end=\"2080\">25ml \/ 1 sheet mask<\/strong><\/li>\n<\/ul>\n","protected":false},"featured_media":26706,"comment_status":"open","ping_status":"closed","template":"","meta":[],"product_brand":[],"product_cat":[143],"product_tag":[],"class_list":{"0":"post-26879","1":"product","2":"type-product","3":"status-publish","4":"has-post-thumbnail","6":"product_cat-mask-series","8":"first","9":"instock","10":"sale","11":"shipping-taxable","12":"purchasable","13":"product-type-variable"},"jetpack_sharing_enabled":true,"_links":{"self":[{"href":"https:\/\/www.magipea.com.my\/en\/wp-json\/wp\/v2\/product\/26879","targetHints":{"allow":["GET"]}}],"collection":[{"href":"https:\/\/www.magipea.com.my\/en\/wp-json\/wp\/v2\/product"}],"about":[{"href":"https:\/\/www.magipea.com.my\/en\/wp-json\/wp\/v2\/types\/product"}],"replies":[{"embeddable":true,"href":"https:\/\/www.magipea.com.my\/en\/wp-json\/wp\/v2\/comments?post=26879"}],"wp:featuredmedia":[{"embeddable":true,"href":"https:\/\/www.magipea.com.my\/en\/wp-json\/wp\/v2\/media\/26706"}],"wp:attachment":[{"href":"https:\/\/www.magipea.com.my\/en\/wp-json\/wp\/v2\/media?parent=26879"}],"wp:term":[{"taxonomy":"product_brand","embeddable":true,"href":"https:\/\/www.magipea.com.my\/en\/wp-json\/wp\/v2\/product_brand?post=26879"},{"taxonomy":"product_cat","embeddable":true,"href":"https:\/\/www.magipea.com.my\/en\/wp-json\/wp\/v2\/product_cat?post=26879"},{"taxonomy":"product_tag","embeddable":true,"href":"https:\/\/www.magipea.com.my\/en\/wp-json\/wp\/v2\/product_tag?post=26879"}],"curies":[{"name":"wp","href":"https:\/\/api.w.org\/{rel}","templated":true}]}}